{"id":11,"date":"2024-12-20T15:25:58","date_gmt":"2024-12-20T15:25:58","guid":{"rendered":"https:\/\/desarrollossostenibles.com\/?page_id=11"},"modified":"2024-12-20T21:14:45","modified_gmt":"2024-12-20T21:14:45","slug":"constructora","status":"publish","type":"page","link":"https:\/\/desarrollossostenibles.com\/?page_id=11","title":{"rendered":"Constructora"},"content":{"rendered":"<p>Somos <strong>R&amp;M Constructora<\/strong> una empresa constructora con un estudio de arquitectura, dise\u00f1o y construcci\u00f3n que, adem\u00e1s, nace de la inspiraci\u00f3n por conseguir el equilibrio entre belleza y funcionalidad, por adecuar cada espacio a un lugar, personalidad, clima y situaci\u00f3n espec\u00edficas creando as\u00ed espacios \u00fanicos en cada proyecto que realizamos.<\/p>\n<p>Nuestros servicios son:<\/p>\n<h5 class=\"elementor-icon-box-title\">CONSTRUCCI\u00d3N<\/h5>\n<p class=\"elementor-icon-box-description\">Nos comprometemos a brindar a cada uno de nuestros clientes la asesor\u00eda desde el m\u00e1s m\u00ednimo detalle de cada etapa de la construcci\u00f3n del proyecto, encarg\u00e1ndonos<\/p>\n<h5 class=\"elementor-icon-box-title\">ASESOR\u00cdA Y DISE\u00d1O ARQUITECT\u00d3NICO<\/h5>\n<p class=\"elementor-icon-box-description\">Dise\u00f1amos los proyectos seg\u00fan la personalidad, gustos y preferencias de cada cliente, proporcionando como resultado un dise\u00f1o \u00fanico que supere las expectativas de nuestros clientes.<\/p>\n<h5 class=\"elementor-icon-box-title\">REMODELACI\u00d3N<\/h5>\n<p class=\"elementor-icon-box-description\">Brindamos la opci\u00f3n a nuestros clientes de mejorar cualquier espacio de acuerdo a las necesidades que presente el lugar, mediante el reemplazo de algunos materiales ya existentes por otros m\u00e1s resistentes o modernos, brind\u00e1ndole al espacio un mejor aspecto.<\/p>\n<h5 class=\"elementor-icon-box-title\">INSPECCI\u00d3N Y DIRECCI\u00d3N T\u00c9CNICA DE OBRA<\/h5>\n<p class=\"elementor-icon-box-description\">Realizaci\u00f3n de visitas peri\u00f3dicas a la obra en construcci\u00f3n, de esta forma el cliente se asegura de que su proyecto ser\u00e1 realizado seg\u00fan los planos de construcci\u00f3n y las especificaciones ya establecidas.<\/p>\n<h5 class=\"elementor-icon-box-title\">INMOBILIARIA EN COSTA RICA<\/h5>\n<p class=\"elementor-icon-box-description\">Si deseas construir, pero a\u00fan no has encontrado el lugar perfecto para desarrollar tu proyecto, te ponemos en contacto con los mejores profesionales que pueden ayudarte a conseguir el terreno ideal.<\/p>\n<h5 class=\"elementor-icon-box-title\">DISE\u00d1O DE INTERIORES<\/h5>\n<p class=\"elementor-icon-box-description\">Brindamos la experiencia a nuestros clientes de transformar y personalizar cualquier espacio interno, utilizando la arquitectura como medio para lograr la decoraci\u00f3n y el estilo m\u00e1s adecuado para cada lugar.<\/p>\n<p><img loading=\"lazy\" decoding=\"async\" class=\"alignnone size-large wp-image-143\" src=\"https:\/\/desarrollossostenibles.com\/wp-content\/uploads\/2024\/12\/banner02-1024x480.jpg\" alt=\"\" width=\"1024\" height=\"480\" srcset=\"https:\/\/desarrollossostenibles.com\/wp-content\/uploads\/2024\/12\/banner02-1024x480.jpg 1024w, https:\/\/desarrollossostenibles.com\/wp-content\/uploads\/2024\/12\/banner02-300x141.jpg 300w, https:\/\/desarrollossostenibles.com\/wp-content\/uploads\/2024\/12\/banner02-768x360.jpg 768w, https:\/\/desarrollossostenibles.com\/wp-content\/uploads\/2024\/12\/banner02-1536x720.jpg 1536w, https:\/\/desarrollossostenibles.com\/wp-content\/uploads\/2024\/12\/banner02.jpg 1920w\" sizes=\"auto, (max-width: 1024px) 100vw, 1024px\" \/><\/p>\n<p>&nbsp;<\/p>\n","protected":false},"excerpt":{"rendered":"<p>Somos R&amp;M Constructora una empresa constructora con un estudio de arquitectura, dise\u00f1o y construcci\u00f3n que, adem\u00e1s, nace de la inspiraci\u00f3n por conseguir el equilibrio entre belleza y funcionalidad, por adecuar cada espacio a un lugar, personalidad, clima y situaci\u00f3n espec\u00edficas creando as\u00ed espacios \u00fanicos en cada proyecto que realizamos. Nuestros servicios son: CONSTRUCCI\u00d3N Nos comprometemos [&hellip;]<\/p>\n","protected":false},"author":1,"featured_media":0,"parent":0,"menu_order":0,"comment_status":"closed","ping_status":"closed","template":"","meta":{"footnotes":""},"class_list":["post-11","page","type-page","status-publish","hentry"],"_links":{"self":[{"href":"https:\/\/desarrollossostenibles.com\/index.php?rest_route=\/wp\/v2\/pages\/11","targetHints":{"allow":["GET"]}}],"collection":[{"href":"https:\/\/desarrollossostenibles.com\/index.php?rest_route=\/wp\/v2\/pages"}],"about":[{"href":"https:\/\/desarrollossostenibles.com\/index.php?rest_route=\/wp\/v2\/types\/page"}],"author":[{"embeddable":true,"href":"https:\/\/desarrollossostenibles.com\/index.php?rest_route=\/wp\/v2\/users\/1"}],"replies":[{"embeddable":true,"href":"https:\/\/desarrollossostenibles.com\/index.php?rest_route=%2Fwp%2Fv2%2Fcomments&post=11"}],"version-history":[{"count":6,"href":"https:\/\/desarrollossostenibles.com\/index.php?rest_route=\/wp\/v2\/pages\/11\/revisions"}],"predecessor-version":[{"id":144,"href":"https:\/\/desarrollossostenibles.com\/index.php?rest_route=\/wp\/v2\/pages\/11\/revisions\/144"}],"wp:attachment":[{"href":"https:\/\/desarrollossostenibles.com\/index.php?rest_route=%2Fwp%2Fv2%2Fmedia&parent=11"}],"curies":[{"name":"wp","href":"https:\/\/api.w.org\/{rel}","templated":true}]}}