{"id":7,"date":"2024-12-20T15:25:31","date_gmt":"2024-12-20T15:25:31","guid":{"rendered":"https:\/\/desarrollossostenibles.com\/?page_id=7"},"modified":"2025-01-09T17:04:27","modified_gmt":"2025-01-09T17:04:27","slug":"nosotros","status":"publish","type":"page","link":"https:\/\/desarrollossostenibles.com\/?page_id=7","title":{"rendered":"Nosotros"},"content":{"rendered":"<p><span class=\"wixui-rich-text__text\">Somos una empresa que decidi\u00f3 realizar los proyectos de manera distinta, siendo responsables en los tiempos de entrega, demostrando transparencia al momento de construir d\u00e1ndole una soluci\u00f3n real a su necesidad, adem\u00e1s decidimos siempre darle m\u00e1s de lo que espera superando las expectativas de cada persona o familia que nos contrata.\u00a0<\/span><\/p>\n<p><span class=\"wixui-rich-text__text\">Para lograrlo nos basamos en un equipo de trabajo unido y fortalecido en experiencia y buena comunicaci\u00f3n.\u00a0<\/span><span class=\"wixui-rich-text__text\">Estamos seguros que al contratar nuestros servicios quedar\u00e1 m\u00e1s que satisfecho por el trabajo realizado, no lo decimos nosotros, nuestros\u00a0<\/span><span class=\"wixui-rich-text__text\">clientes<\/span><span class=\"wixui-rich-text__text\">\u00a0y las obras hablan por si solas.<\/span><\/p>\n<p>&nbsp;<\/p>\n","protected":false},"excerpt":{"rendered":"<p>Somos una empresa que decidi\u00f3 realizar los proyectos de manera distinta, siendo responsables en los tiempos de entrega, demostrando transparencia al momento de construir d\u00e1ndole una soluci\u00f3n real a su necesidad, adem\u00e1s decidimos siempre darle m\u00e1s de lo que espera superando las expectativas de cada persona o familia que nos contrata.\u00a0 Para lograrlo nos basamos [&hellip;]<\/p>\n","protected":false},"author":1,"featured_media":0,"parent":0,"menu_order":0,"comment_status":"closed","ping_status":"closed","template":"","meta":{"footnotes":""},"class_list":["post-7","page","type-page","status-publish","hentry"],"_links":{"self":[{"href":"https:\/\/desarrollossostenibles.com\/index.php?rest_route=\/wp\/v2\/pages\/7","targetHints":{"allow":["GET"]}}],"collection":[{"href":"https:\/\/desarrollossostenibles.com\/index.php?rest_route=\/wp\/v2\/pages"}],"about":[{"href":"https:\/\/desarrollossostenibles.com\/index.php?rest_route=\/wp\/v2\/types\/page"}],"author":[{"embeddable":true,"href":"https:\/\/desarrollossostenibles.com\/index.php?rest_route=\/wp\/v2\/users\/1"}],"replies":[{"embeddable":true,"href":"https:\/\/desarrollossostenibles.com\/index.php?rest_route=%2Fwp%2Fv2%2Fcomments&post=7"}],"version-history":[{"count":7,"href":"https:\/\/desarrollossostenibles.com\/index.php?rest_route=\/wp\/v2\/pages\/7\/revisions"}],"predecessor-version":[{"id":150,"href":"https:\/\/desarrollossostenibles.com\/index.php?rest_route=\/wp\/v2\/pages\/7\/revisions\/150"}],"wp:attachment":[{"href":"https:\/\/desarrollossostenibles.com\/index.php?rest_route=%2Fwp%2Fv2%2Fmedia&parent=7"}],"curies":[{"name":"wp","href":"https:\/\/api.w.org\/{rel}","templated":true}]}}